{"id":11370,"date":"2021-08-05T17:00:42","date_gmt":"2021-08-05T15:00:42","guid":{"rendered":"https:\/\/sandseele.de\/?page_id=11370"},"modified":"2026-04-04T16:35:59","modified_gmt":"2026-04-04T14:35:59","slug":"restaurant","status":"publish","type":"page","link":"https:\/\/sandseele.de\/en\/restaurant\/","title":{"rendered":"Restaurant"},"content":{"rendered":"<div id=\"restaurant\" class=\"vc_row wpb_row vc_row-fluid vc_custom_1623656264863\"><div class=\"wpb_column vc_column_container vc_col-sm-8\"><div class=\"vc_column-inner\"><div class=\"wpb_wrapper\"><div class=\"wpb_gallery wpb_content_element vc_clearfix vc_custom_1623704268862\" ><div class=\"wpb_wrapper\"><div class=\"wpb_gallery_slides wpb_image_grid\" data-interval=\"3\"><ul class=\"wpb_image_grid_ul\"><li class=\"isotope-item\"><img loading=\"lazy\" decoding=\"async\" class=\"\" src=\"https:\/\/sandseele.de\/wp-content\/uploads\/2021\/06\/R3-350x250.jpg\" width=\"350\" height=\"250\" alt=\"Restaurant am See\" title=\"Restaurant innen\" \/><\/li><li class=\"isotope-item\"><img loading=\"lazy\" decoding=\"async\" class=\"\" src=\"https:\/\/sandseele.de\/wp-content\/uploads\/2021\/06\/R1-350x250.jpeg\" width=\"350\" height=\"250\" alt=\"Restaurant Sandseele\" title=\"Restaurant innen\" \/><\/li><li class=\"isotope-item\"><img loading=\"lazy\" decoding=\"async\" class=\"\" src=\"https:\/\/sandseele.de\/wp-content\/uploads\/2021\/06\/R2-350x250.jpg\" width=\"350\" height=\"250\" alt=\"Biergarten am See\" title=\"Restaurant au\u00dfen\" \/><\/li><li class=\"isotope-item\"><img loading=\"lazy\" decoding=\"async\" class=\"\" src=\"https:\/\/sandseele.de\/wp-content\/uploads\/2021\/06\/R4-350x250.jpg\" width=\"350\" height=\"250\" alt=\"Restaurant am See\" title=\"Restaurant innen\" \/><\/li><li class=\"isotope-item\"><img loading=\"lazy\" decoding=\"async\" class=\"\" src=\"https:\/\/sandseele.de\/wp-content\/uploads\/2021\/06\/R7-350x250.jpeg\" width=\"350\" height=\"250\" alt=\"Tisch am See mit Blumen und Kerzenst\u00e4nder\" title=\"Tisch am See mit Blumen und Kerzenst\u00e4nder\" \/><\/li><li class=\"isotope-item\"><img loading=\"lazy\" decoding=\"async\" class=\"\" src=\"https:\/\/sandseele.de\/wp-content\/uploads\/2021\/06\/R5-350x250.jpg\" width=\"350\" height=\"250\" alt=\"Restaurant Sandseele\" title=\"Restaurant innen\" \/><\/li><li class=\"isotope-item\"><img loading=\"lazy\" decoding=\"async\" class=\"\" src=\"https:\/\/sandseele.de\/wp-content\/uploads\/2021\/06\/R6-350x250.jpg\" width=\"350\" height=\"250\" alt=\"Restaurant innen\" title=\"Restaurant innen\" \/><\/li><li class=\"isotope-item\"><img loading=\"lazy\" decoding=\"async\" class=\"\" src=\"https:\/\/sandseele.de\/wp-content\/uploads\/2021\/06\/restaurant-out-1-350x250.jpg\" width=\"350\" height=\"250\" alt=\"Au\u00dfenbereich Restaurant am See\" title=\"restaurant-out-1\" \/><\/li><\/ul><\/div><\/div><\/div><\/div><\/div><\/div><div class=\"wpb_column vc_column_container vc_col-sm-4\"><div class=\"vc_column-inner\"><div class=\"wpb_wrapper\"><div id=\"ultimate-heading-656769faf075c2039\" class=\"uvc-heading ult-adjust-bottom-margin ultimate-heading-656769faf075c2039 uvc-1500\" data-hspacer=\"no_spacer\"  data-halign=\"left\" style=\"text-align:left\"><div class=\"uvc-heading-spacer no_spacer\" style=\"top\"><\/div><div class=\"uvc-main-heading ult-responsive\"  data-ultimate-target='.uvc-heading.ultimate-heading-656769faf075c2039 h2'  data-responsive-json-new='{\"font-size\":\"desktop:24px;\",\"line-height\":\"desktop:34px;\"}' ><h2 style=\"font-family:&#039;Gloria Hallelujah&#039;;font-weight:bold;color:#c73c5c;margin-bottom:5px;\">The restaurant with soul<\/h2><\/div><div class=\"uvc-sub-heading ult-responsive\"  data-ultimate-target='.uvc-heading.ultimate-heading-656769faf075c2039 .uvc-sub-heading '  data-responsive-json-new='{\"font-size\":\"desktop:42px;\",\"line-height\":\"desktop:54px;\"}'  style=\"font-family:&#039;Josefin Sans&#039;;font-weight:700;color:#333333;margin-bottom:40px;\">Restaurant<\/div><\/div>\n\t<div class=\"wpb_text_column wpb_content_element\" >\n\t\t<div class=\"wpb_wrapper\">\n\t\t\t<p>Not only the slightly different campsite attracts guests from all over the world to the island of Reichenau, but also the rustic, cozy restaurant with its large lake terrace.<br \/>\nIf you can't find a place there, simply conquer one of the numerous wooden benches right on the beach.<\/p>\n<p>In our kitchen, a lot of value is placed on regional products.<br \/>\nDas ist auf der Insel aber auch nicht besonders schwer denn zahlreiche Gem\u00fcsesorten wachsen in Bio-Qualit\u00e4t direkt nebenan. Die Fischhandlung Koch sowie der regionale Lieferant &#8220;Fischbox&#8221;\u00a0 beliefern uns t\u00e4glich mit frischem Fisch. Auf unserer Speisekarte finden Sie saisonal wechselnde Gerichte wie Spargel, sp\u00e4ter startet dann die knackige Tomatensaison und gegen September beginnt die K\u00fcrbis- und Pfifferlingzeit.<br \/>\nWe also try to buy products that are as animal-friendly as possible, such as meat, chickens and eggs from farms on Lake Constance.<\/p>\n<p>You can simply taste that our food is always freshly cooked with a lot of love!<\/p>\n\n\t\t<\/div>\n\t<\/div>\n<div class=\"vc_custom_1775313357032 ubtn-ctn-left\"><a class=\"ubtn-link ult-adjust-bottom-margin ubtn-left ubtn-normal\" href=\"https:\/\/sandseele.de\/wp-content\/uploads\/2026\/04\/Sandseele_Speisekarte_2026.pdf\" title=\"Menu\" ><button type=\"button\" id=\"ubtn-5871\"  class=\"ubtn ult-adjust-bottom-margin ult-responsive ubtn-normal ubtn-fade-bg  none  ubtn-left   tooltip-69faf075c2253\"  data-hover=\"#ffffff\" data-border-color=\"#d5c3a0\" data-bg=\"\" data-hover-bg=\"#d5c3a0\" data-border-hover=\"#d5c3a0\" data-shadow-hover=\"\" data-shadow-click=\"none\" data-shadow=\"\" data-shd-shadow=\"\"  data-ultimate-target='#ubtn-5871'  data-responsive-json-new='{\"font-size\":\"desktop:16px;\",\"line-height\":\"desktop:16px;\"}'  style=\"font-family:&#039;Josefin Sans&#039;;font-weight:700;border-radius:0px;border-width:1px;border-color:#d5c3a0;border-style:solid;color: #333333;\"><span class=\"ubtn-hover\" style=\"background-color:#d5c3a0\"><\/span><span class=\"ubtn-data ubtn-text\" >Menu<\/span><\/button><\/a><\/div><\/div><\/div><\/div><\/div><div class=\"vc_row wpb_row vc_row-fluid vc_custom_1623171963505\"><div class=\"wpb_column vc_column_container vc_col-sm-12\"><div class=\"vc_column-inner\"><div class=\"wpb_wrapper\"><div class=\"vc_empty_space\"   style=\"height: 600px\"><span class=\"vc_empty_space_inner\"><\/span><\/div><\/div><\/div><\/div><\/div><!-- Row Backgrounds --><div class=\"upb_bg_img\" data-ultimate-bg=\"url(https:\/\/sandseele.de\/wp-content\/uploads\/2021\/06\/P2-scaled.jpg)\" data-image-id=\"id^10894|url^http:\/\/sandseele.de\/wp-content\/uploads\/2021\/06\/P2-scaled.jpg|caption^null|alt^null|title^P2|description^null\" data-ultimate-bg-style=\"vcpb-vz-jquery\" data-bg-img-repeat=\"no-repeat\" data-bg-img-size=\"cover\" data-bg-img-position=\"\" data-parallx_sense=\"30\" data-bg-override=\"full\" data-bg_img_attach=\"scroll\" data-upb-overlay-color=\"\" data-upb-bg-animation=\"\" data-fadeout=\"\" data-bg-animation=\"left-animation\" data-bg-animation-type=\"h\" data-animation-repeat=\"repeat\" data-fadeout-percentage=\"30\" data-parallax-content=\"\" data-parallax-content-sense=\"30\" data-row-effect-mobile-disable=\"true\" data-img-parallax-mobile-disable=\"true\" data-rtl=\"false\"  data-custom-vc-row=\"\"  data-vc=\"6.1\"  data-is_old_vc=\"\"  data-theme-support=\"\"   data-overlay=\"false\" data-overlay-color=\"\" data-overlay-pattern=\"\" data-overlay-pattern-opacity=\"\" data-overlay-pattern-size=\"\"    ><\/div>","protected":false},"excerpt":{"rendered":"Das Restaurant mit SeeleRestaurant Nicht nur der etwas andere Campingplatz lockt G\u00e4ste aus der ganzen Welt auf die Insel Reichenau, sondern auch das urige, gem\u00fctliche Restaurant mit seiner gro\u00dfen Seeterrasse. Wer dort keinen Platz mehr findet, erobert sich einfach eine der zahlreichen Holzb\u00e4nke direkt am Strand. In unserer K\u00fcche wird sehr viel Wert auf regionale [...]","protected":false},"author":1,"featured_media":0,"parent":0,"menu_order":0,"comment_status":"closed","ping_status":"closed","template":"","meta":{"footnotes":""},"class_list":["post-11370","page","type-page","status-publish","hentry"],"yoast_head":"<!-- This site is optimized with the Yoast SEO plugin v27.5 - https:\/\/yoast.com\/product\/yoast-seo-wordpress\/ -->\n<title>Restaurant - Sandseele<\/title>\n<meta name=\"robots\" content=\"index, follow, max-snippet:-1, max-image-preview:large, max-video-preview:-1\" \/>\n<link rel=\"canonical\" href=\"https:\/\/sandseele.de\/en\/restaurant\/\" \/>\n<meta property=\"og:locale\" content=\"en_GB\" \/>\n<meta property=\"og:type\" content=\"article\" \/>\n<meta property=\"og:title\" content=\"Restaurant - Sandseele\" \/>\n<meta property=\"og:url\" content=\"https:\/\/sandseele.de\/en\/restaurant\/\" \/>\n<meta property=\"og:site_name\" content=\"Sandseele\" \/>\n<meta property=\"article:modified_time\" content=\"2026-04-04T14:35:59+00:00\" \/>\n<meta name=\"twitter:card\" content=\"summary_large_image\" \/>\n<meta name=\"twitter:label1\" content=\"Estimated reading time\" \/>\n\t<meta name=\"twitter:data1\" content=\"2 minutes\" \/>\n<script type=\"application\/ld+json\" class=\"yoast-schema-graph\">{\"@context\":\"https:\\\/\\\/schema.org\",\"@graph\":[{\"@type\":\"WebPage\",\"@id\":\"https:\\\/\\\/sandseele.de\\\/restaurant\\\/\",\"url\":\"https:\\\/\\\/sandseele.de\\\/restaurant\\\/\",\"name\":\"Restaurant - Sandseele\",\"isPartOf\":{\"@id\":\"https:\\\/\\\/sandseele.de\\\/#website\"},\"datePublished\":\"2021-08-05T15:00:42+00:00\",\"dateModified\":\"2026-04-04T14:35:59+00:00\",\"breadcrumb\":{\"@id\":\"https:\\\/\\\/sandseele.de\\\/restaurant\\\/#breadcrumb\"},\"inLanguage\":\"en-GB\",\"potentialAction\":[{\"@type\":\"ReadAction\",\"target\":[\"https:\\\/\\\/sandseele.de\\\/restaurant\\\/\"]}]},{\"@type\":\"BreadcrumbList\",\"@id\":\"https:\\\/\\\/sandseele.de\\\/restaurant\\\/#breadcrumb\",\"itemListElement\":[{\"@type\":\"ListItem\",\"position\":1,\"name\":\"Startseite\",\"item\":\"https:\\\/\\\/sandseele.de\\\/\"},{\"@type\":\"ListItem\",\"position\":2,\"name\":\"Restaurant\"}]},{\"@type\":\"WebSite\",\"@id\":\"https:\\\/\\\/sandseele.de\\\/#website\",\"url\":\"https:\\\/\\\/sandseele.de\\\/\",\"name\":\"Sandseele\",\"description\":\"Inselcamping Reichenau\",\"potentialAction\":[{\"@type\":\"SearchAction\",\"target\":{\"@type\":\"EntryPoint\",\"urlTemplate\":\"https:\\\/\\\/sandseele.de\\\/?s={search_term_string}\"},\"query-input\":{\"@type\":\"PropertyValueSpecification\",\"valueRequired\":true,\"valueName\":\"search_term_string\"}}],\"inLanguage\":\"en-GB\"}]}<\/script>\n<!-- \/ Yoast SEO plugin. -->","yoast_head_json":{"title":"Restaurant - Sandseele","robots":{"index":"index","follow":"follow","max-snippet":"max-snippet:-1","max-image-preview":"max-image-preview:large","max-video-preview":"max-video-preview:-1"},"canonical":"https:\/\/sandseele.de\/en\/restaurant\/","og_locale":"en_GB","og_type":"article","og_title":"Restaurant - Sandseele","og_url":"https:\/\/sandseele.de\/en\/restaurant\/","og_site_name":"Sandseele","article_modified_time":"2026-04-04T14:35:59+00:00","twitter_card":"summary_large_image","twitter_misc":{"Estimated reading time":"2 minutes"},"schema":{"@context":"https:\/\/schema.org","@graph":[{"@type":"WebPage","@id":"https:\/\/sandseele.de\/restaurant\/","url":"https:\/\/sandseele.de\/restaurant\/","name":"Restaurant - Sandseele","isPartOf":{"@id":"https:\/\/sandseele.de\/#website"},"datePublished":"2021-08-05T15:00:42+00:00","dateModified":"2026-04-04T14:35:59+00:00","breadcrumb":{"@id":"https:\/\/sandseele.de\/restaurant\/#breadcrumb"},"inLanguage":"en-GB","potentialAction":[{"@type":"ReadAction","target":["https:\/\/sandseele.de\/restaurant\/"]}]},{"@type":"BreadcrumbList","@id":"https:\/\/sandseele.de\/restaurant\/#breadcrumb","itemListElement":[{"@type":"ListItem","position":1,"name":"Startseite","item":"https:\/\/sandseele.de\/"},{"@type":"ListItem","position":2,"name":"Restaurant"}]},{"@type":"WebSite","@id":"https:\/\/sandseele.de\/#website","url":"https:\/\/sandseele.de\/","name":"Sandseele","description":"Inselcamping Reichenau","potentialAction":[{"@type":"SearchAction","target":{"@type":"EntryPoint","urlTemplate":"https:\/\/sandseele.de\/?s={search_term_string}"},"query-input":{"@type":"PropertyValueSpecification","valueRequired":true,"valueName":"search_term_string"}}],"inLanguage":"en-GB"}]}},"_links":{"self":[{"href":"https:\/\/sandseele.de\/en\/wp-json\/wp\/v2\/pages\/11370","targetHints":{"allow":["GET"]}}],"collection":[{"href":"https:\/\/sandseele.de\/en\/wp-json\/wp\/v2\/pages"}],"about":[{"href":"https:\/\/sandseele.de\/en\/wp-json\/wp\/v2\/types\/page"}],"author":[{"embeddable":true,"href":"https:\/\/sandseele.de\/en\/wp-json\/wp\/v2\/users\/1"}],"replies":[{"embeddable":true,"href":"https:\/\/sandseele.de\/en\/wp-json\/wp\/v2\/comments?post=11370"}],"version-history":[{"count":12,"href":"https:\/\/sandseele.de\/en\/wp-json\/wp\/v2\/pages\/11370\/revisions"}],"predecessor-version":[{"id":11814,"href":"https:\/\/sandseele.de\/en\/wp-json\/wp\/v2\/pages\/11370\/revisions\/11814"}],"wp:attachment":[{"href":"https:\/\/sandseele.de\/en\/wp-json\/wp\/v2\/media?parent=11370"}],"curies":[{"name":"wp","href":"https:\/\/api.w.org\/{rel}","templated":true}]}}