{"id":11093,"date":"2021-06-14T23:16:54","date_gmt":"2021-06-14T21:16:54","guid":{"rendered":"http:\/\/sandseele.de\/?page_id=11093"},"modified":"2023-02-12T12:18:37","modified_gmt":"2023-02-12T11:18:37","slug":"jobs","status":"publish","type":"page","link":"https:\/\/sandseele.de\/en\/jobs\/","title":{"rendered":"Jobs"},"content":{"rendered":"<div class=\"vc_row wpb_row vc_row-fluid\"><div class=\"wpb_column vc_column_container vc_col-sm-12\"><div class=\"vc_column-inner\"><div class=\"wpb_wrapper\">\n\t\t\t<!-- START Jobs REVOLUTION SLIDER 6.1.7 --><p class=\"rs-p-wp-fix\"><\/p>\n\t\t\t<rs-module-wrap id=\"rev_slider_15_1_wrapper\" data-source=\"gallery\" style=\"background:transparent;padding:0;margin:0px auto;margin-top:0;margin-bottom:0;\">\n\t\t\t\t<rs-module id=\"rev_slider_15_1\" style=\"display:none;\" data-version=\"6.1.7\">\n\t\t\t\t\t<rs-slides>\n\t\t\t\t\t\t<rs-slide data-key=\"rs-31\" data-title=\"Slide\" data-anim=\"ei:d;eo:d;s:600;r:0;t:fade;sl:d;\">\n\t\t\t\t\t\t\t<img loading=\"lazy\" decoding=\"async\" src=\"\/\/sandseele.de\/wp-content\/uploads\/2021\/06\/V2.jpg\" title=\"V2\" width=\"1600\" height=\"935\" data-parallax=\"14\" data-panzoom=\"d:10000;ss:100;se:115;\" class=\"rev-slidebg\" data-no-retina>\n<!---->\t\t\t\t\t\t<\/rs-slide>\n\t\t\t\t\t\t<rs-slide data-key=\"rs-32\" data-title=\"Slide\" data-anim=\"ei:d;eo:d;s:600;r:0;t:fade;sl:d;\">\n\t\t\t\t\t\t\t<img loading=\"lazy\" decoding=\"async\" src=\"\/\/sandseele.de\/wp-content\/uploads\/2021\/06\/V3.jpg\" title=\"V3\" width=\"1600\" height=\"862\" data-parallax=\"14\" class=\"rev-slidebg\" data-no-retina>\n<!---->\t\t\t\t\t\t<\/rs-slide>\n\t\t\t\t\t\t<rs-slide data-key=\"rs-33\" data-title=\"Slide\" data-anim=\"ei:d;eo:d;s:600;r:0;t:fade;sl:d;\">\n\t\t\t\t\t\t\t<img loading=\"lazy\" decoding=\"async\" src=\"\/\/sandseele.de\/wp-content\/uploads\/2021\/06\/V1.jpg\" title=\"V1\" width=\"1600\" height=\"906\" data-parallax=\"14\" class=\"rev-slidebg\" data-no-retina>\n<!---->\t\t\t\t\t\t<\/rs-slide>\n\t\t\t\t\t<\/rs-slides>\n\t\t\t\t\t<rs-progress class=\"rs-bottom\" style=\"visibility: hidden !important;\"><\/rs-progress>\n\t\t\t\t<\/rs-module>\n\t\t\t\t<script type=\"text\/javascript\">\n\t\t\t\t\tsetREVStartSize({c: 'rev_slider_15_1',rl:[1240,1240,778,480],el:[800,800,370,370],gw:[1200,1200,778,480],gh:[800,800,600,400],type:'standard',justify:'',layout:'fullwidth',mh:\"0\"});\n\t\t\t\t\tvar\trevapi15,\n\t\t\t\t\t\ttpj;\n\t\t\t\t\tjQuery(function() {\n\t\t\t\t\t\ttpj = jQuery;\n\t\t\t\t\t\tif(tpj(\"#rev_slider_15_1\").revolution == undefined){\n\t\t\t\t\t\t\trevslider_showDoubleJqueryError(\"#rev_slider_15_1\");\n\t\t\t\t\t\t}else{\n\t\t\t\t\t\t\trevapi15 = tpj(\"#rev_slider_15_1\").show().revolution({\n\t\t\t\t\t\t\t\tjsFileLocation:\"\/\/sandseele.de\/wp-content\/plugins\/revslider\/public\/assets\/js\/\",\n\t\t\t\t\t\t\t\tsliderLayout:\"fullwidth\",\n\t\t\t\t\t\t\t\tvisibilityLevels:\"1240,1240,778,480\",\n\t\t\t\t\t\t\t\tgridwidth:\"1200,1200,778,480\",\n\t\t\t\t\t\t\t\tgridheight:\"800,800,600,400\",\n\t\t\t\t\t\t\t\tspinner:\"spinner2\",\n\t\t\t\t\t\t\t\teditorheight:\"800,470,370,370\",\n\t\t\t\t\t\t\t\tresponsiveLevels:\"1240,1240,778,480\",\n\t\t\t\t\t\t\t\tdisableProgressBar:\"on\",\n\t\t\t\t\t\t\t\tnavigation: {\n\t\t\t\t\t\t\t\t\tonHoverStop:false\n\t\t\t\t\t\t\t\t},\n\t\t\t\t\t\t\t\tparallax: {\n\t\t\t\t\t\t\t\t\tlevels:[5,10,15,20,25,30,35,40,45,46,47,48,49,50,51,55],\n\t\t\t\t\t\t\t\t\ttype:\"mouse\"\n\t\t\t\t\t\t\t\t},\n\t\t\t\t\t\t\t\tfallbacks: {\n\t\t\t\t\t\t\t\t\tallowHTML5AutoPlayOnAndroid:true\n\t\t\t\t\t\t\t\t},\n\t\t\t\t\t\t\t});\n\t\t\t\t\t\t}\n\t\t\t\t\t\t\n\t\t\t\t\t});\n\t\t\t\t<\/script>\n\t\t\t\t<script>\n\t\t\t\t\tvar htmlDivCss = ' #rev_slider_15_1_wrapper rs-loader.spinner2{ background-color: rgba(255, 255, 255, 0.6) !important; } '\n\t\t\t\t\tvar htmlDiv = document.getElementById('rs-plugin-settings-inline-css');\n\t\t\t\t\tif(htmlDiv) {\n\t\t\t\t\t\thtmlDiv.innerHTML = htmlDiv.innerHTML + htmlDivCss;\n\t\t\t\t\t}else{\n\t\t\t\t\t\tvar htmlDiv = document.createElement('div');\n\t\t\t\t\t\thtmlDiv.innerHTML = '<style>' + htmlDivCss + '<\/style>';\n\t\t\t\t\t\tdocument.getElementsByTagName('head')[0].appendChild(htmlDiv.childNodes[0]);\n\t\t\t\t\t}\n\t\t\t\t<\/script>\n\t\t\t<\/rs-module-wrap>\n\t\t\t<!-- END REVOLUTION SLIDER -->\n<\/div><\/div><\/div><\/div><div class=\"vc_row wpb_row vc_row-fluid\"><div class=\"wpb_column vc_column_container vc_col-sm-12\"><div class=\"vc_column-inner\"><div class=\"wpb_wrapper\"><section class=\"vc_cta3-container vc_cta3-size-lg\"><div class=\"vc_general vc_cta3 vc_cta3-style-outline vc_cta3-shape-square vc_cta3-align-center vc_cta3-color-classic vc_cta3-icon-size-md vc_cta3-actions-bottom\"><div class=\"vc_cta3_content-container\"><div class=\"vc_cta3-content\"><header class=\"vc_cta3-content-header\"><h2>Mit uns arbeiten<\/h2><\/header><p>M\u00f6chtest Du auch ein Teil des lustigen Sandseeleteams werden und an einem der sch\u00f6nsten Orte am See arbeiten?<\/p>\n<p>Wir suchen stets motivierte Mitarbeiter in <strong>Voll-oder Teilzeit f\u00fcr K\u00fcche und Service<\/strong>!<\/p>\n<\/div><div class=\"vc_cta3-actions\"><div class=\"vc_btn3-container  wpb_animate_when_almost_visible wpb_bounceInDown bounceInDown vc_btn3-center\" ><a class=\"vc_general vc_btn3 vc_btn3-size-md vc_btn3-shape-square vc_btn3-style-modern vc_btn3-icon-left vc_btn3-color-pink\" href=\"mailto:info@sandseele.de\" title=\"Jetzt bewerben\"><i class=\"vc_btn3-icon fas fa-envelope\"><\/i> Jetzt bewerben<\/a><\/div><\/div><\/div><\/div><\/section><\/div><\/div><\/div><\/div><div class=\"vc_row wpb_row vc_row-fluid\"><div class=\"wpb_column vc_column_container vc_col-sm-12\"><div class=\"vc_column-inner\"><div class=\"wpb_wrapper\"><section class=\"vc_cta3-container vc_cta3-size-lg\"><div class=\"vc_general vc_cta3 vc_cta3-style-outline vc_cta3-shape-square vc_cta3-align-center vc_cta3-color-classic vc_cta3-icon-size-md vc_cta3-actions-bottom\"><div class=\"vc_cta3_content-container\"><div class=\"vc_cta3-content\"><header class=\"vc_cta3-content-header\"><h2>Mit uns studieren und arbeiten<\/h2><\/header><p><strong>Wir bilden BA-Studenten aus.<\/strong><\/p>\n<p>Unsere Partnerhochschulen sind die DHBW Ravensburg mit dem Studiengang &#8220;<a href=\"https:\/\/www.ravensburg.dhbw.de\/studienangebot\/bachelor-studiengaenge\/bwl-tourismus-hotellerie-und-gastronomie-freizeitwirtschaft#c2311\">BWL &#8211; Tourismus, Hotellerie und Gastronomie \/ Freizeitwirtschaft<\/a>&#8221; und der Bodensee Campus mit dem Studiengang &#8220;<a href=\"https:\/\/www.bodensee-campus.de\/duales-studienangebot\/outdoor-und-tourismusmanagement\/\">Outdoor und Tourismusmanagement<\/a>&#8220;.<\/p>\n<p>&nbsp;<\/p>\n<p><span data-contrast=\"none\">In einem dualen Studiengang bei uns hast du die M\u00f6glichkeit ein Studium mit praktischer Erfahrung zu verbinden. So verschaffst du dir Einblicke in die Strukturen, Abl\u00e4ufe und Aufgabenbereiche unseres Unternehmens und bist somit f\u00fcr den Einstieg ins Berufsleben bestens vorbereitet.\u00a0<\/span><span data-ccp-props=\"{&quot;201341983&quot;:0,&quot;335559739&quot;:160,&quot;335559740&quot;:259}\">\u00a0<\/span><\/p>\n<p><span data-ccp-props=\"{&quot;201341983&quot;:0,&quot;335559739&quot;:160,&quot;335559740&quot;:259}\">\u00a0<\/span><span data-contrast=\"none\">Durch den kontinuierlichen Wechsel zwischen Theorie- und Praxisphasen kannst du dir neben fachlichem und methodischem Wissen die im Berufsalltag erforderliche Handlungs- und Sozialkompetenz aneignen. Du lernst Arbeits- und Betriebsabl\u00e4ufe kennen, baust Netzwerke auf und wirst so optimal auf den Berufseinstieg vorbereitet. Theorie- und Praxisinhalte sind dabei eng aufeinander abgestimmt.\u00a0<\/span><span data-ccp-props=\"{&quot;201341983&quot;:0,&quot;335559739&quot;:160,&quot;335559740&quot;:259}\">\u00a0<\/span><\/p>\n<p><span data-ccp-props=\"{&quot;201341983&quot;:0,&quot;335559739&quot;:160,&quot;335559740&quot;:259}\">\u00a0<\/span><\/p>\n<p><strong>Konkret bedeutet das bei uns am Campingplatz Sandseele:\u00a0<\/strong><\/p>\n<p><span data-contrast=\"none\">Du bekommst die M\u00f6glichkeit deine eigenen Ideen und F\u00e4higkeiten in einem famili\u00e4ren Unternehmen einzubringen und umzusetzen. Die Arbeit besteht aus einem Mix aus Gastronomie, G\u00e4stekommunikation, Rezeption, Verwaltung und Mitarbeiterorganisation.<\/span><span data-ccp-props=\"{&quot;201341983&quot;:0,&quot;335559739&quot;:160,&quot;335559740&quot;:259}\">\u00a0<\/span><\/p>\n<p><span data-contrast=\"none\">Saisonales Arbeiten ist h\u00e4ufig mit Stress und einer hohen Belastung verbunden. Wir bieten Dir dennoch flexible Arbeitszeiten, ein lustiges, buntes und multikulturelles Team welches sich gegenseitig sch\u00e4tzt und unterst\u00fctzt.\u00a0<\/span><span data-ccp-props=\"{&quot;201341983&quot;:0,&quot;335559739&quot;:160,&quot;335559740&quot;:259}\">\u00a0<\/span><\/p>\n<p><span data-contrast=\"none\">Unsere langj\u00e4hrigen Mitarbeiter freuen sich jede Saison aufs Neue an diesem einzigartigen Ort am Bodensee zusammen zu kommen und eine unvergessliche Zeit zu erleben.\u00a0<\/span><span data-ccp-props=\"{&quot;201341983&quot;:0,&quot;335559739&quot;:160,&quot;335559740&quot;:259}\">\u00a0<\/span><\/p>\n<p style=\"text-align: center;\"><strong>Wir bieten:\u00a0\u00a0<\/strong><\/p>\n<p style=\"text-align: center;\"><span data-contrast=\"none\">Flexible Arbeitszeiten\u00a0<\/span><span data-ccp-props=\"{&quot;201341983&quot;:0,&quot;335559739&quot;:160,&quot;335559740&quot;:259}\">\u00a0<\/span><\/p>\n<p style=\"text-align: center;\"><span data-contrast=\"none\">Attraktive Verg\u00fctung\u00a0<\/span><span data-ccp-props=\"{&quot;201341983&quot;:0,&quot;335559739&quot;:160,&quot;335559740&quot;:259}\">\u00a0<\/span><\/p>\n<p style=\"text-align: center;\"><span data-contrast=\"none\">\u00dcberstundenauszahlung<\/span><span data-ccp-props=\"{&quot;201341983&quot;:0,&quot;335559739&quot;:160,&quot;335559740&quot;:259}\">\u00a0<\/span><\/p>\n<p style=\"text-align: center;\"><span data-contrast=\"none\">Trinkgeldbeteiligung<\/span><span data-ccp-props=\"{&quot;201341983&quot;:0,&quot;335559739&quot;:160,&quot;335559740&quot;:259}\">\u00a0<\/span><\/p>\n<p style=\"text-align: center;\"><span data-contrast=\"none\">Abwechslungsreiche Aufgaben\u00a0<\/span><span data-ccp-props=\"{&quot;201341983&quot;:0,&quot;335559739&quot;:160,&quot;335559740&quot;:259}\">\u00a0<\/span><\/p>\n<p style=\"text-align: center;\"><span data-contrast=\"none\">Eigenverantwortliches Arbeiten<\/span><\/p>\n<p style=\"text-align: center;\"><span data-contrast=\"none\">Verpflegung w\u00e4hrend der Arbeit\u00a0<\/span><span data-ccp-props=\"{&quot;201341983&quot;:0,&quot;335559739&quot;:160,&quot;335559740&quot;:259}\">\u00a0<\/span><\/p>\n<p style=\"text-align: center;\"><span data-contrast=\"none\">Junges und motiviertes Team<\/span><span data-ccp-props=\"{&quot;201341983&quot;:0,&quot;335559739&quot;:160,&quot;335559740&quot;:259}\">\u00a0<\/span><\/p>\n<p style=\"text-align: center;\"><span data-contrast=\"none\">Den sch\u00f6nsten Sonnenuntergang am Bodensee\u00a0<\/span><\/p>\n<p>&nbsp;<\/p>\n<p>Wenn du mehr dar\u00fcber erfahren willst, komm vorbei oder schreib eine Mail unter\u00a0<a href=\"mailto:info@sandseele.de\"><strong>info@sandseele.de<\/strong><\/a><\/p>\n<\/div><div class=\"vc_cta3-actions\"><div class=\"vc_btn3-container  wpb_animate_when_almost_visible wpb_bounceInDown bounceInDown vc_btn3-center\" ><a class=\"vc_general vc_btn3 vc_btn3-size-md vc_btn3-shape-square vc_btn3-style-modern vc_btn3-icon-left vc_btn3-color-pink\" href=\"mailto:info@sandseele.de\" title=\"Jetzt bewerben\"><i class=\"vc_btn3-icon fas fa-envelope\"><\/i> Jetzt bewerben<\/a><\/div><\/div><\/div><\/div><\/section><\/div><\/div><\/div><\/div>\n","protected":false},"excerpt":{"rendered":"Mit uns arbeitenM\u00f6chtest Du auch ein Teil des lustigen Sandseeleteams werden und an einem der sch\u00f6nsten Orte am See arbeiten? Wir suchen stets motivierte Mitarbeiter in Voll-oder Teilzeit f\u00fcr K\u00fcche und Service! Jetzt bewerbenMit uns studieren und arbeitenWir bilden BA-Studenten aus. Unsere Partnerhochschulen sind die DHBW Ravensburg mit dem Studiengang \"BWL - Tourismus, Hotellerie und [...]","protected":false},"author":1,"featured_media":0,"parent":0,"menu_order":0,"comment_status":"closed","ping_status":"closed","template":"","meta":{"footnotes":""},"class_list":["post-11093","page","type-page","status-publish","hentry"],"yoast_head":"<!-- This site is optimized with the Yoast SEO plugin v27.6 - https:\/\/yoast.com\/product\/yoast-seo-wordpress\/ -->\n<title>Jobs - Camping Sandseele am Bodensee<\/title>\n<meta name=\"description\" content=\"Jobs auf der Insel Reichenau beim Campingplatz Sandseele am Bodensee. Du willst an einem der sch\u00f6nsten Orte am See arbeiten, dann bewirb dich bei uns.\" \/>\n<meta name=\"robots\" content=\"index, follow, max-snippet:-1, max-image-preview:large, max-video-preview:-1\" \/>\n<link rel=\"canonical\" href=\"https:\/\/sandseele.de\/en\/jobs\/\" \/>\n<meta property=\"og:locale\" content=\"en_GB\" \/>\n<meta property=\"og:type\" content=\"article\" \/>\n<meta property=\"og:title\" content=\"Jobs - Camping Sandseele am Bodensee\" \/>\n<meta property=\"og:description\" content=\"Jobs auf der Insel Reichenau beim Campingplatz Sandseele am Bodensee. Du willst an einem der sch\u00f6nsten Orte am See arbeiten, dann bewirb dich bei uns.\" \/>\n<meta property=\"og:url\" content=\"https:\/\/sandseele.de\/en\/jobs\/\" \/>\n<meta property=\"og:site_name\" content=\"Sandseele\" \/>\n<meta property=\"article:modified_time\" content=\"2023-02-12T11:18:37+00:00\" \/>\n<meta name=\"twitter:card\" content=\"summary_large_image\" \/>\n<meta name=\"twitter:label1\" content=\"Estimated reading time\" \/>\n\t<meta name=\"twitter:data1\" content=\"2 minutes\" \/>\n<script type=\"application\/ld+json\" class=\"yoast-schema-graph\">{\"@context\":\"https:\\\/\\\/schema.org\",\"@graph\":[{\"@type\":\"WebPage\",\"@id\":\"https:\\\/\\\/sandseele.de\\\/jobs\\\/\",\"url\":\"https:\\\/\\\/sandseele.de\\\/jobs\\\/\",\"name\":\"Jobs - Camping Sandseele am Bodensee\",\"isPartOf\":{\"@id\":\"https:\\\/\\\/sandseele.de\\\/#website\"},\"datePublished\":\"2021-06-14T21:16:54+00:00\",\"dateModified\":\"2023-02-12T11:18:37+00:00\",\"description\":\"Jobs auf der Insel Reichenau beim Campingplatz Sandseele am Bodensee. Du willst an einem der sch\u00f6nsten Orte am See arbeiten, dann bewirb dich bei uns.\",\"breadcrumb\":{\"@id\":\"https:\\\/\\\/sandseele.de\\\/jobs\\\/#breadcrumb\"},\"inLanguage\":\"en-GB\",\"potentialAction\":[{\"@type\":\"ReadAction\",\"target\":[\"https:\\\/\\\/sandseele.de\\\/jobs\\\/\"]}]},{\"@type\":\"BreadcrumbList\",\"@id\":\"https:\\\/\\\/sandseele.de\\\/jobs\\\/#breadcrumb\",\"itemListElement\":[{\"@type\":\"ListItem\",\"position\":1,\"name\":\"Startseite\",\"item\":\"https:\\\/\\\/sandseele.de\\\/\"},{\"@type\":\"ListItem\",\"position\":2,\"name\":\"Jobs\"}]},{\"@type\":\"WebSite\",\"@id\":\"https:\\\/\\\/sandseele.de\\\/#website\",\"url\":\"https:\\\/\\\/sandseele.de\\\/\",\"name\":\"Sandseele\",\"description\":\"Inselcamping Reichenau\",\"potentialAction\":[{\"@type\":\"SearchAction\",\"target\":{\"@type\":\"EntryPoint\",\"urlTemplate\":\"https:\\\/\\\/sandseele.de\\\/?s={search_term_string}\"},\"query-input\":{\"@type\":\"PropertyValueSpecification\",\"valueRequired\":true,\"valueName\":\"search_term_string\"}}],\"inLanguage\":\"en-GB\"}]}<\/script>\n<!-- \/ Yoast SEO plugin. -->","yoast_head_json":{"title":"Jobs - Camping Sandseele am Bodensee","description":"Jobs auf der Insel Reichenau beim Campingplatz Sandseele am Bodensee. Du willst an einem der sch\u00f6nsten Orte am See arbeiten, dann bewirb dich bei uns.","robots":{"index":"index","follow":"follow","max-snippet":"max-snippet:-1","max-image-preview":"max-image-preview:large","max-video-preview":"max-video-preview:-1"},"canonical":"https:\/\/sandseele.de\/en\/jobs\/","og_locale":"en_GB","og_type":"article","og_title":"Jobs - Camping Sandseele am Bodensee","og_description":"Jobs auf der Insel Reichenau beim Campingplatz Sandseele am Bodensee. Du willst an einem der sch\u00f6nsten Orte am See arbeiten, dann bewirb dich bei uns.","og_url":"https:\/\/sandseele.de\/en\/jobs\/","og_site_name":"Sandseele","article_modified_time":"2023-02-12T11:18:37+00:00","twitter_card":"summary_large_image","twitter_misc":{"Estimated reading time":"2 minutes"},"schema":{"@context":"https:\/\/schema.org","@graph":[{"@type":"WebPage","@id":"https:\/\/sandseele.de\/jobs\/","url":"https:\/\/sandseele.de\/jobs\/","name":"Jobs - Camping Sandseele am Bodensee","isPartOf":{"@id":"https:\/\/sandseele.de\/#website"},"datePublished":"2021-06-14T21:16:54+00:00","dateModified":"2023-02-12T11:18:37+00:00","description":"Jobs auf der Insel Reichenau beim Campingplatz Sandseele am Bodensee. Du willst an einem der sch\u00f6nsten Orte am See arbeiten, dann bewirb dich bei uns.","breadcrumb":{"@id":"https:\/\/sandseele.de\/jobs\/#breadcrumb"},"inLanguage":"en-GB","potentialAction":[{"@type":"ReadAction","target":["https:\/\/sandseele.de\/jobs\/"]}]},{"@type":"BreadcrumbList","@id":"https:\/\/sandseele.de\/jobs\/#breadcrumb","itemListElement":[{"@type":"ListItem","position":1,"name":"Startseite","item":"https:\/\/sandseele.de\/"},{"@type":"ListItem","position":2,"name":"Jobs"}]},{"@type":"WebSite","@id":"https:\/\/sandseele.de\/#website","url":"https:\/\/sandseele.de\/","name":"Sandseele","description":"Inselcamping Reichenau","potentialAction":[{"@type":"SearchAction","target":{"@type":"EntryPoint","urlTemplate":"https:\/\/sandseele.de\/?s={search_term_string}"},"query-input":{"@type":"PropertyValueSpecification","valueRequired":true,"valueName":"search_term_string"}}],"inLanguage":"en-GB"}]}},"_links":{"self":[{"href":"https:\/\/sandseele.de\/en\/wp-json\/wp\/v2\/pages\/11093","targetHints":{"allow":["GET"]}}],"collection":[{"href":"https:\/\/sandseele.de\/en\/wp-json\/wp\/v2\/pages"}],"about":[{"href":"https:\/\/sandseele.de\/en\/wp-json\/wp\/v2\/types\/page"}],"author":[{"embeddable":true,"href":"https:\/\/sandseele.de\/en\/wp-json\/wp\/v2\/users\/1"}],"replies":[{"embeddable":true,"href":"https:\/\/sandseele.de\/en\/wp-json\/wp\/v2\/comments?post=11093"}],"version-history":[{"count":10,"href":"https:\/\/sandseele.de\/en\/wp-json\/wp\/v2\/pages\/11093\/revisions"}],"predecessor-version":[{"id":11587,"href":"https:\/\/sandseele.de\/en\/wp-json\/wp\/v2\/pages\/11093\/revisions\/11587"}],"wp:attachment":[{"href":"https:\/\/sandseele.de\/en\/wp-json\/wp\/v2\/media?parent=11093"}],"curies":[{"name":"wp","href":"https:\/\/api.w.org\/{rel}","templated":true}]}}